{"id":23,"date":"2017-03-17T07:35:48","date_gmt":"2017-03-17T09:35:48","guid":{"rendered":"http:\/\/tajanas.lt\/?page_id=23"},"modified":"2024-07-10T05:35:01","modified_gmt":"2024-07-10T07:35:01","slug":"mus-galite-rasti","status":"publish","type":"page","link":"https:\/\/tajanas.lt\/en\/mus-galite-rasti\/","title":{"rendered":"Where to find us"},"content":{"rendered":"<p><\/p>\n<div class=\"team\" style=\"text-align: left;\">\n<p>Tadas Janu\u0161auskas<\/p>\n<p>Tel. <a href=\"tel:+37065068771\">+37065068771<\/a><\/p>\n<p>Kaunas, \u0160ilainiai, Baltijos g. 30<\/p>\n<p>Kauno Milikoni\u0173 high school, gymnastics hall.<\/p>\n<p><iframe loading=\"lazy\" style=\"border: 0;\" src=\"https:\/\/www.google.com\/maps\/embed?pb=!1m18!1m12!1m3!1d2292.7380391549736!2d23.883438315898584!3d54.9250688803401!2m3!1f0!2f0!3f0!3m2!1i1024!2i768!4f13.1!3m3!1m2!1s0x46e71f4c09a75e83%3A0x489eaa3b4f14b3bf!2sBaltijos+g.+30%2C+Kaunas+48248%2C+Lithuania!5e0!3m2!1sen!2sus!4v1490008405141\" width=\"600\" height=\"450\" frameborder=\"0\" allowfullscreen=\"allowfullscreen\"><\/iframe><\/p>\n<\/div>\n<h3 class=\"schelude_header\">Training schelude<\/h3>\n<div class=\"scheludes_table\">\n<ul class=\"table_header\">\n<li class=\"first\">Groups<\/li>\n<li>Monday<\/li>\n<li>Tuesday<\/li>\n<li>Wedn.<\/li>\n<li>Thurs.<\/li>\n<li>Friday<\/li>\n<li>Saturday<\/li>\n<li>Sunday<\/li>\n<\/ul>\n<ul>\n<li class=\"first\">Club Team<br \/>\nMilikoniu vid. Mok.<br \/>\nTr. Tadas Janu\u0161auskas 4 danas<\/li>\n<li>17.00<\/li>\n<li>17.00<\/li>\n<li>18.00<\/li>\n<li>17.00<\/li>\n<li>18.00<\/li>\n<li>12.00<\/li>\n<li>Personal<\/li>\n<\/ul>\n<ul>\n<li class=\"first\">Mixed Group<br \/>\nNemuno vid. mok<br \/>\nGym<br \/>\nTr. Tadas Janu\u0161auskas 4 danas<\/li>\n<li>17.00<\/li>\n<li>17.00<\/li>\n<li>&nbsp;<\/li>\n<li>17.00<\/li>\n<li>&nbsp;<\/li>\n<li>&nbsp;<\/li>\n<li>Personal<\/li>\n<\/ul>\n<ul>\n<li class=\"first\">5-16m. kids group<br \/>\nMilikoniu vid. Mok.<br \/>\nGymnastics hall<br \/>\nTr. Tadas Janu\u0161auskas 4 danas<\/li>\n<li>&nbsp;<\/li>\n<li>&nbsp;<\/li>\n<li>18.00<\/li>\n<li>&nbsp;<\/li>\n<li>18.00<\/li>\n<li>&nbsp;<\/li>\n<li>Personal<\/li>\n<\/ul>\n<ul>\n<li class=\"first\">Adults and +18 group<br \/>\nMilikoniu vid. Mok.<br \/>\nGymnastics hall<br \/>\nTr. Tadas Janu\u0161auskas 4 danas<\/li>\n<li>&nbsp;<\/li>\n<li>20.00<\/li>\n<li>&nbsp;<\/li>\n<li>20.00<\/li>\n<li>&nbsp;<\/li>\n<li>&nbsp;<\/li>\n<li>Personal<\/li>\n<\/ul>\n<\/div>\n<ul class=\"scheludes_table_mobile\">\n<li class=\"group\">\n<ul>\n<li class=\"group_day\">\n<ul>\n<li>Club Team<br \/>\nMilikoniu vid. Mok.<br \/>\nTr. Tadas Janu\u0161auskas 4 danas<\/li>\n<\/ul>\n<\/li>\n<li class=\"group_day\">\n<ul>\n<li>Monday.<\/li>\n<li>17.00<\/li>\n<\/ul>\n<\/li>\n<li class=\"group_day\">\n<ul>\n<li>Tuesday<\/li>\n<li>17.00<\/li>\n<\/ul>\n<\/li>\n<li class=\"group_day\">\n<ul>\n<li>Wednesday<\/li>\n<li>17.00<\/li>\n<\/ul>\n<\/li>\n<li class=\"group_day\">\n<ul>\n<li>Thursday<\/li>\n<li>17.00<\/li>\n<\/ul>\n<\/li>\n<li class=\"group_day\">\n<ul>\n<li>Friday<\/li>\n<li>18.00<\/li>\n<\/ul>\n<\/li>\n<li class=\"group_day\">\n<ul>\n<li>Saturday<\/li>\n<li>12.00<\/li>\n<\/ul>\n<\/li>\n<li class=\"group_day\">\n<ul>\n<li>Sunday<\/li>\n<li>Personal<\/li>\n<\/ul>\n<\/li>\n<\/ul>\n<\/li>\n<li class=\"group\">\n<ul>\n<li class=\"group_day\">\n<ul>\n<li>Mixed Group<br \/>\nNemuno vid. mok<br \/>\nGym<br \/>\nTr. Tadas Janu\u0161auskas 4 danas<\/li>\n<\/ul>\n<\/li>\n<li class=\"group_day\">\n<ul>\n<li>Monday.<\/li>\n<li>17.00<\/li>\n<\/ul>\n<\/li>\n<li class=\"group_day\">\n<ul>\n<li>Tuesday<\/li>\n<li>17.00<\/li>\n<\/ul>\n<\/li>\n<li class=\"group_day\">\n<ul>\n<li>Wednesday<\/li>\n<li>&#8211;<\/li>\n<\/ul>\n<\/li>\n<li class=\"group_day\">\n<ul>\n<li>Thursday<\/li>\n<li>17.00<\/li>\n<\/ul>\n<\/li>\n<li class=\"group_day\">\n<ul>\n<li>Friday<\/li>\n<li>&#8211;<\/li>\n<\/ul>\n<\/li>\n<li class=\"group_day\">\n<ul>\n<li>Saturday<\/li>\n<li>&#8211;<\/li>\n<\/ul>\n<\/li>\n<li class=\"group_day\">\n<ul>\n<li>Sunday<\/li>\n<li>Personal<\/li>\n<\/ul>\n<\/li>\n<\/ul>\n<\/li>\n<li class=\"group\">\n<ul>\n<li class=\"group_day\">\n<ul>\n<li>5-16m. kids group<br \/>\nMilikoniu vid. Mok.<br \/>\nGymnastics hall<br \/>\nTr. Tadas Janu\u0161auskas 4 danas<\/li>\n<\/ul>\n<\/li>\n<li class=\"group_day\">\n<ul>\n<li>Monday.<\/li>\n<li>&#8211;<\/li>\n<\/ul>\n<\/li>\n<li class=\"group_day\">\n<ul>\n<li>Tuesday<\/li>\n<li>&#8211;<\/li>\n<\/ul>\n<\/li>\n<li class=\"group_day\">\n<ul>\n<li>Wednesday<\/li>\n<li>18.00<\/li>\n<\/ul>\n<\/li>\n<li class=\"group_day\">\n<ul>\n<li>Thursday<\/li>\n<li>&#8211;<\/li>\n<\/ul>\n<\/li>\n<li class=\"group_day\">\n<ul>\n<li>Friday<\/li>\n<li>18.00<\/li>\n<\/ul>\n<\/li>\n<li class=\"group_day\">\n<ul>\n<li>Saturday<\/li>\n<li>&#8211;<\/li>\n<\/ul>\n<\/li>\n<li class=\"group_day\">\n<ul>\n<li>Sunday<\/li>\n<li>Personal<\/li>\n<\/ul>\n<\/li>\n<\/ul>\n<\/li>\n<li class=\"group\">\n<ul>\n<li class=\"group_day\">\n<ul>\n<li>Adults and +18 group<br \/>\nMilikoniu vid. Mok.<br \/>\nGymnastics hall<br \/>\nTr. Tadas Janu\u0161auskas 4 danas<\/li>\n<\/ul>\n<\/li>\n<li class=\"group_day\">\n<ul>\n<li>Monday.<\/li>\n<li>&#8211;<\/li>\n<\/ul>\n<\/li>\n<li class=\"group_day\">\n<ul>\n<li>Tuesday<\/li>\n<li>20.00<\/li>\n<\/ul>\n<\/li>\n<li class=\"group_day\">\n<ul>\n<li>Wednesday<\/li>\n<li>&#8211;<\/li>\n<\/ul>\n<\/li>\n<li class=\"group_day\">\n<ul>\n<li>Thursday<\/li>\n<li>20.00<\/li>\n<\/ul>\n<\/li>\n<li class=\"group_day\">\n<ul>\n<li>Friday<\/li>\n<li>&#8211;<\/li>\n<\/ul>\n<\/li>\n<li class=\"group_day\">\n<ul>\n<li>Saturday<\/li>\n<li>&#8211;<\/li>\n<\/ul>\n<\/li>\n<li class=\"group_day\">\n<ul>\n<li>Sunday<\/li>\n<li>Personal<\/li>\n<\/ul>\n<\/li>\n<\/ul>\n<\/li>\n<\/ul>\n<h3 class=\"schelude_header\">Let&#8217;s get in touch<\/h3>\n<p><div class=\"wpforms-container wpforms-container-full wpforms-render-modern\" id=\"wpforms-2403\"><form id=\"wpforms-form-2403\" class=\"wpforms-validate wpforms-form wpforms-ajax-form\" data-formid=\"2403\" method=\"post\" enctype=\"multipart\/form-data\" action=\"\/en\/wp-json\/wp\/v2\/pages\/23\" data-token=\"25cc6b34da7cc4153a42c9a115b2871b\" data-token-time=\"1778336492\"><noscript class=\"wpforms-error-noscript\">Please enable JavaScript in your browser to complete this form.<\/noscript><div class=\"wpforms-hidden\" id=\"wpforms-error-noscript\">Please enable JavaScript in your browser to complete this form.<\/div><div class=\"wpforms-field-container\"><div id=\"wpforms-2403-field_1-container\" class=\"wpforms-field wpforms-field-text\" data-field-id=\"1\"><label class=\"wpforms-field-label\" for=\"wpforms-2403-field_1\">Your name <span class=\"wpforms-required-label\" aria-hidden=\"true\">*<\/span><\/label><input type=\"text\" id=\"wpforms-2403-field_1\" class=\"wpforms-field-medium wpforms-field-required\" name=\"wpforms[fields][1]\" placeholder=\"Enter your name\" aria-errormessage=\"wpforms-2403-field_1-error\" required><\/div><div id=\"wpforms-2403-field_2-container\" class=\"wpforms-field wpforms-field-email\" data-field-id=\"2\"><label class=\"wpforms-field-label\" for=\"wpforms-2403-field_2\">Your email <span class=\"wpforms-required-label\" aria-hidden=\"true\">*<\/span><\/label><input type=\"email\" id=\"wpforms-2403-field_2\" class=\"wpforms-field-medium wpforms-field-required\" name=\"wpforms[fields][2]\" placeholder=\"Enter your email\" spellcheck=\"false\" aria-errormessage=\"wpforms-2403-field_2-error\" required><\/div><div id=\"wpforms-2403-field_3-container\" class=\"wpforms-field wpforms-field-number\" data-field-id=\"3\"><label class=\"wpforms-field-label\" for=\"wpforms-2403-field_3\">Your phone number <span class=\"wpforms-required-label\" aria-hidden=\"true\">*<\/span><\/label><input type=\"number\" id=\"wpforms-2403-field_3\" class=\"wpforms-field-medium wpforms-field-required\" name=\"wpforms[fields][3]\" placeholder=\"Enter your phone number\" aria-errormessage=\"wpforms-2403-field_3-error\" required><\/div><div id=\"wpforms-2403-field_4-container\" class=\"wpforms-field wpforms-field-text\" data-field-id=\"4\"><label class=\"wpforms-field-label\" for=\"wpforms-2403-field_4\">Subject <span class=\"wpforms-required-label\" aria-hidden=\"true\">*<\/span><\/label><input type=\"text\" id=\"wpforms-2403-field_4\" class=\"wpforms-field-medium wpforms-field-required\" name=\"wpforms[fields][4]\" placeholder=\"Enter subject\" aria-errormessage=\"wpforms-2403-field_4-error\" required><\/div><div id=\"wpforms-2403-field_5-container\" class=\"wpforms-field wpforms-field-textarea\" data-field-id=\"5\"><label class=\"wpforms-field-label\" for=\"wpforms-2403-field_5\">Message <span class=\"wpforms-required-label\" aria-hidden=\"true\">*<\/span><\/label><textarea id=\"wpforms-2403-field_5\" class=\"wpforms-field-medium wpforms-field-required\" name=\"wpforms[fields][5]\" placeholder=\"Enter your message\" aria-errormessage=\"wpforms-2403-field_5-error\" required><\/textarea><\/div><\/div><!-- .wpforms-field-container --><div class=\"wpforms-recaptcha-container wpforms-is-recaptcha wpforms-is-recaptcha-type-v2\" ><div class=\"g-recaptcha\" data-sitekey=\"6LcDewwqAAAAAKR7d9XoAl7flSdiJLm9zYpiGv7d\"><\/div><input type=\"text\" name=\"g-recaptcha-hidden\" class=\"wpforms-recaptcha-hidden\" style=\"position:absolute!important;clip:rect(0,0,0,0)!important;height:1px!important;width:1px!important;border:0!important;overflow:hidden!important;padding:0!important;margin:0!important;\" data-rule-recaptcha=\"1\"><\/div><div class=\"wpforms-submit-container\" ><input type=\"hidden\" name=\"wpforms[id]\" value=\"2403\"><input type=\"hidden\" name=\"page_title\" value=\"\"><input type=\"hidden\" name=\"page_url\" value=\"https:\/\/tajanas.lt\/en\/wp-json\/wp\/v2\/pages\/23\"><button type=\"submit\" name=\"wpforms[submit]\" id=\"wpforms-submit-2403\" class=\"wpforms-submit\" data-alt-text=\"Sending...\" data-submit-text=\"Submit\" aria-live=\"assertive\" value=\"wpforms-submit\">Submit<\/button><img src=\"https:\/\/tajanas.lt\/wp-content\/plugins\/wpforms-lite\/assets\/images\/submit-spin.svg\" class=\"wpforms-submit-spinner\" style=\"display: none;\" width=\"26\" height=\"26\" alt=\"Loading\"><\/div><\/form><\/div>  <!-- .wpforms-container --><\/p>","protected":false},"excerpt":{"rendered":"<p>Tadas Janu\u0161auskas Tel. +37065068771 Kaunas, \u0160ilainiai, Baltijos g. 30 Kauno Milikoni\u0173 high school, gymnastics hall. Training schelude Groups Monday Tuesday Wedn. Thurs. Friday Saturday Sunday Club Team Milikoniu vid. Mok. Tr. Tadas Janu\u0161auskas 4 danas 17.00 17.00 18.00 17.00 18.00 12.00 Personal Mixed Group Nemuno vid. mok Gym Tr. Tadas Janu\u0161auskas 4 danas 17.00 17.00 [&hellip;]<\/p>\n","protected":false},"author":1,"featured_media":0,"parent":0,"menu_order":0,"comment_status":"closed","ping_status":"closed","template":"","meta":[],"_links":{"self":[{"href":"https:\/\/tajanas.lt\/en\/wp-json\/wp\/v2\/pages\/23"}],"collection":[{"href":"https:\/\/tajanas.lt\/en\/wp-json\/wp\/v2\/pages"}],"about":[{"href":"https:\/\/tajanas.lt\/en\/wp-json\/wp\/v2\/types\/page"}],"author":[{"embeddable":true,"href":"https:\/\/tajanas.lt\/en\/wp-json\/wp\/v2\/users\/1"}],"replies":[{"embeddable":true,"href":"https:\/\/tajanas.lt\/en\/wp-json\/wp\/v2\/comments?post=23"}],"version-history":[{"count":46,"href":"https:\/\/tajanas.lt\/en\/wp-json\/wp\/v2\/pages\/23\/revisions"}],"predecessor-version":[{"id":2433,"href":"https:\/\/tajanas.lt\/en\/wp-json\/wp\/v2\/pages\/23\/revisions\/2433"}],"wp:attachment":[{"href":"https:\/\/tajanas.lt\/en\/wp-json\/wp\/v2\/media?parent=23"}],"curies":[{"name":"wp","href":"https:\/\/api.w.org\/{rel}","templated":true}]}}