{"id":21,"date":"2017-03-17T07:33:46","date_gmt":"2017-03-17T09:33:46","guid":{"rendered":"http:\/\/tajanas.lt\/?page_id=21"},"modified":"2024-07-05T12:46:21","modified_gmt":"2024-07-05T14:46:21","slug":"sloves-muziejus","status":"publish","type":"page","link":"https:\/\/tajanas.lt\/en\/sloves-muziejus\/","title":{"rendered":"Hall of fame"},"content":{"rendered":"<p><\/p>\r\n\r\n\r\n\r\n<div class=\"person\"><img loading=\"lazy\" class=\"alignnone size-small wp-image-274\" src=\"http:\/\/tajanas.lt\/wp-content\/uploads\/2017\/03\/Matas-e1548658425377.jpg\" alt=\"\" width=\"150\" height=\"150\">\r\n<p>&nbsp;<\/p>\r\n<section class=\"achievments\"><span class=\"achievment_name\">Matas Janu\u0161auskas<\/span><br>Lithuanian champion<br>2018 metais<\/section>\r\n<\/div>\r\n\r\n\r\n\r\n<div class=\"person \">\r\n<figure><img loading=\"lazy\" class=\"alignnone size-medium wp-image-279\" src=\"http:\/\/tajanas.lt\/wp-content\/uploads\/2016\/02\/orestas-2015-257x300.jpg\" alt=\"\" width=\"257\" height=\"300\" srcset=\"https:\/\/tajanas.lt\/wp-content\/uploads\/2016\/02\/orestas-2015-257x300.jpg 257w, https:\/\/tajanas.lt\/wp-content\/uploads\/2016\/02\/orestas-2015.jpg 353w\" sizes=\"(max-width: 257px) 100vw, 257px\" \/><\/figure><p><\/p>\r\n<section class=\"achievments\"><span class=\"achievment_name\">Orestas \u017diupsnys<\/span><br>Lithuanian champion<br>2015,2017<\/section>\r\n<\/div>\r\n\r\n\r\n\r\n<div class=\"person \"><img loading=\"lazy\" class=\"alignnone size-medium wp-image-280\" src=\"http:\/\/tajanas.lt\/wp-content\/uploads\/2016\/02\/povylas-2016-225x300.jpg\" alt=\"\" width=\"225\" height=\"300\" srcset=\"https:\/\/tajanas.lt\/wp-content\/uploads\/2016\/02\/povylas-2016-225x300.jpg 225w, https:\/\/tajanas.lt\/wp-content\/uploads\/2016\/02\/povylas-2016-768x1024.jpg 768w, https:\/\/tajanas.lt\/wp-content\/uploads\/2016\/02\/povylas-2016.jpg 1536w\" sizes=\"(max-width: 225px) 100vw, 225px\" \/>\r\n<p>&nbsp;<\/p>\r\n<section class=\"achievments\"><span class=\"achievment_name\">Povilas Mork\u016bnas<\/span><br>Lithuanian champion<br>2016<\/section>\r\n<\/div>\r\n\r\n\r\n\r\n<div class=\"person\"><img loading=\"lazy\" class=\"alignnone size-medium wp-image-278\" src=\"http:\/\/tajanas.lt\/wp-content\/uploads\/2016\/02\/mantas-2014-300x225.jpg\" alt=\"\" width=\"300\" height=\"225\" srcset=\"https:\/\/tajanas.lt\/wp-content\/uploads\/2016\/02\/mantas-2014-300x225.jpg 300w, https:\/\/tajanas.lt\/wp-content\/uploads\/2016\/02\/mantas-2014-768x576.jpg 768w, https:\/\/tajanas.lt\/wp-content\/uploads\/2016\/02\/mantas-2014-1024x768.jpg 1024w, https:\/\/tajanas.lt\/wp-content\/uploads\/2016\/02\/mantas-2014.jpg 2048w\" sizes=\"(max-width: 300px) 100vw, 300px\" \/>\r\n<p>&nbsp;<\/p>\r\n<section class=\"achievments\"><span class=\"achievment_name\">Mantas Budrys<\/span><br>Lithuanian champion<br>2009<br>2013<br>2015<\/section>\r\n<\/div>\r\n\r\n\r\n\r\n<div class=\"person\"><img loading=\"lazy\" class=\"alignnone size-medium wp-image-274\" src=\"http:\/\/tajanas.lt\/wp-content\/uploads\/2016\/02\/2012-gabija-279x300.jpg\" alt=\"\" width=\"279\" height=\"300\">\r\n<p>&nbsp;<\/p>\r\n<section class=\"achievments\"><span class=\"achievment_name\">Gabija Janu\u0161auskait\u0117<\/span><br>Lithuanian champion<br>2008<br>2009<br>2010<br>2011<br>2012 (senior)<br>Lithuanian champion 2014 (senior)<\/section>\r\n<\/div>\r\n\r\n\r\n\r\n<div class=\"person \"><img loading=\"lazy\" class=\"alignnone size-medium wp-image-276\" src=\"http:\/\/tajanas.lt\/wp-content\/uploads\/2016\/02\/2014-ugn\u0117-300x225.jpg\" alt=\"\" width=\"300\" height=\"225\" srcset=\"https:\/\/tajanas.lt\/wp-content\/uploads\/2016\/02\/2014-ugn\u0117-300x225.jpg 300w, https:\/\/tajanas.lt\/wp-content\/uploads\/2016\/02\/2014-ugn\u0117-768x576.jpg 768w, https:\/\/tajanas.lt\/wp-content\/uploads\/2016\/02\/2014-ugn\u0117-1024x768.jpg 1024w, https:\/\/tajanas.lt\/wp-content\/uploads\/2016\/02\/2014-ugn\u0117.jpg 2048w\" sizes=\"(max-width: 300px) 100vw, 300px\" \/>\r\n<p>&nbsp;<\/p>\r\n<section class=\"achievments\"><span class=\"achievment_name\">Ugn\u0117 Janu\u0161auskait\u0117<\/span><br>Lithuanian champion<br>2014<\/section>\r\n<\/div>\r\n\r\n\r\n\r\n<div class=\"person \"><img loading=\"lazy\" class=\"alignnone size-medium wp-image-275\" src=\"http:\/\/tajanas.lt\/wp-content\/uploads\/2016\/02\/2014.04.27-adam-207x300.jpg\" alt=\"\" width=\"207\" height=\"300\" srcset=\"https:\/\/tajanas.lt\/wp-content\/uploads\/2016\/02\/2014.04.27-adam-207x300.jpg 207w, https:\/\/tajanas.lt\/wp-content\/uploads\/2016\/02\/2014.04.27-adam-707x1024.jpg 707w, https:\/\/tajanas.lt\/wp-content\/uploads\/2016\/02\/2014.04.27-adam.jpg 715w\" sizes=\"(max-width: 207px) 100vw, 207px\" \/>\r\n<p>&nbsp;<\/p>\r\n<section class=\"achievments\"><span class=\"achievment_name\">Adam Genaev<\/span><br>Lithuanian champion<br>2014<\/section>\r\n<\/div>\r\n\r\n\r\n\r\n<div class=\"person \"><img loading=\"lazy\" class=\"alignnone size-full wp-image-277\" src=\"http:\/\/tajanas.lt\/wp-content\/uploads\/2016\/02\/aurymas-2011.jpg\" alt=\"\" width=\"198\" height=\"220\">\r\n<p>&nbsp;<\/p>\r\n<section class=\"achievments\"><span class=\"achievment_name\">Aurymas Sta\u0161kys<\/span><br>Lithuanian champion<br>2013<\/section>\r\n<\/div>\r\n\r\n\r\n\r\n<div class=\"person\"><img loading=\"lazy\" class=\"alignnone size-full wp-image-52\" src=\"http:\/\/tajanas.lt\/wp-content\/uploads\/2016\/02\/valads-150x150.png\" alt=\"\" width=\"150\" height=\"150\">\r\n<p>&nbsp;<\/p>\r\n<section class=\"achievments\"><span class=\"achievment_name\">Valdas Janu\u0161auskas<\/span><br>Lithuanian champion<br>2012<\/section>\r\n<\/div>\r\n\r\n\r\n\r\n<div class=\"person\"><img loading=\"lazy\" class=\"alignnone size-full wp-image-50\" src=\"http:\/\/tajanas.lt\/wp-content\/uploads\/2016\/02\/jorune-150x150.png\" alt=\"\" width=\"150\" height=\"150\">\r\n<p>&nbsp;<\/p>\r\n<section class=\"achievments\"><span class=\"achievment_name\">Jor\u016bn\u0117 Chraptavi\u010di\u016bt\u0117<\/span><br>Lithuanian champion<br>2009<\/section>\r\n<\/div>\r\n\r\n\r\n\r\n<div class=\"person\"><img loading=\"lazy\" class=\"alignnone size-full wp-image-48\" src=\"http:\/\/tajanas.lt\/wp-content\/uploads\/2016\/02\/florita-150x150.png\" alt=\"\" width=\"150\" height=\"150\">\r\n<p>&nbsp;<\/p>\r\n<section class=\"achievments\"><span class=\"achievment_name\">Florita Gudeikait\u0117<\/span><br>Lithuanian champion<br>2009<\/section>\r\n<\/div>\r\n\r\n\r\n\r\n<div class=\"person \"><img loading=\"lazy\" class=\"alignnone size-medium wp-image-528\" src=\"http:\/\/tajanas.lt\/wp-content\/uploads\/2017\/03\/tadas-2012-1-300x300.jpg\" alt=\"\" width=\"300\" height=\"300\" srcset=\"https:\/\/tajanas.lt\/wp-content\/uploads\/2017\/03\/tadas-2012-1-300x300.jpg 300w, https:\/\/tajanas.lt\/wp-content\/uploads\/2017\/03\/tadas-2012-1-150x150.jpg 150w, https:\/\/tajanas.lt\/wp-content\/uploads\/2017\/03\/tadas-2012-1-768x768.jpg 768w, https:\/\/tajanas.lt\/wp-content\/uploads\/2017\/03\/tadas-2012-1-1024x1024.jpg 1024w, https:\/\/tajanas.lt\/wp-content\/uploads\/2017\/03\/tadas-2012-1.jpg 1080w\" sizes=\"(max-width: 300px) 100vw, 300px\" \/>\r\n<p>&nbsp;<\/p>\r\n<section class=\"achievments\"><span class=\"achievment_name\">Tadas Janu\u0161auskas<\/span><br>Lithuanian champion<br>2001<br>2002<br>2003<\/section>\r\n<\/div>\r\n\r\n\r\n\r\n<p><br><\/p>","protected":false},"excerpt":{"rendered":"<p>&nbsp; Matas Janu\u0161auskasLithuanian champion2018 metais Orestas \u017diupsnysLithuanian champion2015,2017 &nbsp; Povilas Mork\u016bnasLithuanian champion2016 &nbsp; Mantas BudrysLithuanian champion200920132015 &nbsp; Gabija Janu\u0161auskait\u0117Lithuanian champion20082009201020112012 (senior)Lithuanian champion 2014 (senior) &nbsp; Ugn\u0117 Janu\u0161auskait\u0117Lithuanian champion2014 &nbsp; Adam GenaevLithuanian champion2014 &nbsp; Aurymas Sta\u0161kysLithuanian champion2013 &nbsp; Valdas Janu\u0161auskasLithuanian champion2012 &nbsp; Jor\u016bn\u0117 Chraptavi\u010di\u016bt\u0117Lithuanian champion2009 &nbsp; Florita Gudeikait\u0117Lithuanian champion2009 &nbsp; Tadas Janu\u0161auskasLithuanian champion200120022003<\/p>\n","protected":false},"author":1,"featured_media":0,"parent":0,"menu_order":0,"comment_status":"closed","ping_status":"closed","template":"","meta":[],"_links":{"self":[{"href":"https:\/\/tajanas.lt\/en\/wp-json\/wp\/v2\/pages\/21"}],"collection":[{"href":"https:\/\/tajanas.lt\/en\/wp-json\/wp\/v2\/pages"}],"about":[{"href":"https:\/\/tajanas.lt\/en\/wp-json\/wp\/v2\/types\/page"}],"author":[{"embeddable":true,"href":"https:\/\/tajanas.lt\/en\/wp-json\/wp\/v2\/users\/1"}],"replies":[{"embeddable":true,"href":"https:\/\/tajanas.lt\/en\/wp-json\/wp\/v2\/comments?post=21"}],"version-history":[{"count":41,"href":"https:\/\/tajanas.lt\/en\/wp-json\/wp\/v2\/pages\/21\/revisions"}],"predecessor-version":[{"id":2361,"href":"https:\/\/tajanas.lt\/en\/wp-json\/wp\/v2\/pages\/21\/revisions\/2361"}],"wp:attachment":[{"href":"https:\/\/tajanas.lt\/en\/wp-json\/wp\/v2\/media?parent=21"}],"curies":[{"name":"wp","href":"https:\/\/api.w.org\/{rel}","templated":true}]}}